{"id":11073,"date":"2021-11-28T16:24:02","date_gmt":"2021-11-28T16:24:02","guid":{"rendered":"https:\/\/nyborgslot.dk\/nyborg-slot\/"},"modified":"2026-04-10T08:41:59","modified_gmt":"2026-04-10T08:41:59","slug":"nyborg-slot","status":"publish","type":"page","link":"https:\/\/nyborgslot.dk\/en\/","title":{"rendered":"Nyborg Slot"},"content":{"rendered":"<p>[et_pb_section fb_built=&#8221;1&#8243; specialty=&#8221;on&#8221; module_class=&#8221;inlineBtn&#8221; _builder_version=&#8221;4.27.4&#8243; _module_preset=&#8221;default&#8221; background_color=&#8221;rgba(102,102,102,0.78)&#8221; background_image=&#8221;https:\/\/nyborgslot.dk\/wp-content\/uploads\/2023\/01\/Efteraar_2022_AMR-13-scaled.jpg&#8221; background_position=&#8221;top_center&#8221; max_width=&#8221;100%&#8221; min_height=&#8221;695px&#8221; min_height_tablet=&#8221;442px&#8221; min_height_phone=&#8221;442px&#8221; min_height_last_edited=&#8221;on|desktop&#8221; max_height=&#8221;1000px&#8221; custom_margin=&#8221;||-20px||false|false&#8221; custom_padding=&#8221;||7px|||&#8221; link_option_url=&#8221;https:\/\/slotsprojektet.nyborg.dk\/da\/&#8221; locked=&#8221;off&#8221; global_colors_info=&#8221;{}&#8221;][et_pb_column type=&#8221;1_3&#8243; _builder_version=&#8221;4.16&#8243; custom_padding=&#8221;|||&#8221; global_colors_info=&#8221;{}&#8221; custom_padding__hover=&#8221;|||&#8221;][et_pb_text _builder_version=&#8221;4.16&#8243; _module_preset=&#8221;default&#8221; header_font=&#8221;|800|||||||&#8221; header_text_color=&#8221;#FFFFFF&#8221; header_font_size=&#8221;44px&#8221; header_line_height=&#8221;1.3em&#8221; header_font_size_tablet=&#8221;44px&#8221; header_font_size_phone=&#8221;44px&#8221; header_font_size_last_edited=&#8221;on|phone&#8221; global_colors_info=&#8221;{}&#8221;]<\/p>\n<h1>DENMARKS OLDEST PRESERVED ROYAL CASTLE<\/h1>\n<p>[\/et_pb_text][et_pb_text _builder_version=&#8221;4.27.4&#8243; _module_preset=&#8221;default&#8221; text_font=&#8221;|700|||on|||#FFFFFF|&#8221; text_font_size=&#8221;20px&#8221; global_colors_info=&#8221;{}&#8221;]<\/p>\n<p><span style=\"color: #ffffff;\">UNDER RESTORATION &#8211; CLOSED TO THE PUBLIC<\/span><\/p>\n<p>[\/et_pb_text][et_pb_text _builder_version=&#8221;4.25.1&#8243; _module_preset=&#8221;default&#8221; background_color=&#8221;rgba(0,0,0,0.12)&#8221; width_tablet=&#8221;&#8221; width_phone=&#8221;100%&#8221; width_last_edited=&#8221;on|phone&#8221; text_font_size_tablet=&#8221;&#8221; text_font_size_phone=&#8221;23px&#8221; text_font_size_last_edited=&#8221;on|phone&#8221; background_last_edited=&#8221;on|desktop&#8221; global_colors_info=&#8221;{}&#8221;]<\/p>\n<p><span style=\"color: #ffffff;\">Nyborg Castle&#8217;s significance in Danish history is impossible to overlook. It is within these historic rooms &#8211; where kings and queens made pivotal <span style=\"caret-color: #ffffff;\">decisions &#8211; that Denmark took shape into the country we know today.<\/span>\u00a0<\/span><\/p>\n<p>[\/et_pb_text][\/et_pb_column][et_pb_column type=&#8221;2_3&#8243; specialty_columns=&#8221;2&#8243; _builder_version=&#8221;4.16&#8243; custom_padding=&#8221;|||&#8221; global_colors_info=&#8221;{}&#8221; custom_padding__hover=&#8221;|||&#8221;][\/et_pb_column][\/et_pb_section][et_pb_section fb_built=&#8221;1&#8243; _builder_version=&#8221;4.27.4&#8243; _module_preset=&#8221;default&#8221; background_color=&#8221;gcid-7ab20d94-e118-4b45-9a8b-1ff680cf1312&#8243; global_colors_info=&#8221;{%22gcid-7ab20d94-e118-4b45-9a8b-1ff680cf1312%22:%91%22background_color%22%93}&#8221;][et_pb_row column_structure=&#8221;3_5,2_5&#8243; make_equal=&#8221;on&#8221; _builder_version=&#8221;4.27.4&#8243; _module_preset=&#8221;default&#8221; width_tablet=&#8221;&#8221; width_phone=&#8221;&#8221; width_last_edited=&#8221;on|desktop&#8221; max_width=&#8221;1354px&#8221; max_width_tablet=&#8221;1354px&#8221; max_width_phone=&#8221;1354px&#8221; max_width_last_edited=&#8221;on|tablet&#8221; custom_margin=&#8221;|auto|6px|auto||&#8221; global_colors_info=&#8221;{}&#8221;][et_pb_column type=&#8221;3_5&#8243; _builder_version=&#8221;4.27.4&#8243; _module_preset=&#8221;default&#8221; global_colors_info=&#8221;{}&#8221;][et_pb_image src=&#8221;https:\/\/nyborgslot.dk\/wp-content\/uploads\/2026\/04\/BMG.-lille.-Foto-Ole-friis.jpg&#8221; alt=&#8221;Borgmesterg\u00e5rden. Foto Ole friis&#8221; title_text=&#8221;Borgmesterg\u00e5rden. Foto Ole friis&#8221; _builder_version=&#8221;4.27.4&#8243; _module_preset=&#8221;default&#8221; global_colors_info=&#8221;{}&#8221;][\/et_pb_image][\/et_pb_column][et_pb_column type=&#8221;2_5&#8243; _builder_version=&#8221;4.27.4&#8243; _module_preset=&#8221;default&#8221; global_colors_info=&#8221;{}&#8221;][et_pb_text content_tablet=&#8221;<\/p>\n<h3><span style=%22color: #ffffff;%22><u>B<\/u>orgmesterg\u00e5rden in Nyborg<\/span><\/h3>\n<div class=%22et_pb_module et_pb_text et_pb_text_19  et_pb_text_align_left et_pb_bg_layout_light%22>\n<div class=%22et_pb_text_inner%22>\n<h2><span style=%22color: #ffffff;%22>A merchant&#8217;s house full of history<br \/><em><span style=%22font-size: 22px; font-family: proxima-nova-condensed, sans-serif; font-weight: 500;%22>Museum, courtyard, caf\u00e9 and exhibitions. <\/span><\/em><\/span><\/h2>\n<h2><span style=%22color: #ffffff;%22><em><span style=%22font-size: 22px; font-family: proxima-nova-condensed, sans-serif; font-weight: 500;%22>Free admission.<\/span><\/em><\/span><span style=%22color: #ffffff;%22><em><span style=%22font-size: 22px; font-family: proxima-nova-condensed, sans-serif; font-weight: 500;%22><\/span><\/em><\/span><\/h2>\n<p><span style=%22color: #ffffff;%22><em><span style=%22font-size: 22px; font-family: proxima-nova-condensed, sans-serif; font-weight: 500;%22><\/span><\/em><\/span><\/p>\n<\/div>\n<\/div>\n<p>&#8221; content_phone=&#8221;<\/p>\n<h3><span style=%22color: #ffffff;%22><u>B<\/u>orgmesterg\u00e5rden i Nyborg<\/span><\/h3>\n<div class=%22et_pb_module et_pb_text et_pb_text_19  et_pb_text_align_left et_pb_bg_layout_light%22>\n<div class=%22et_pb_text_inner%22>\n<h2><span style=%22color: #ffffff;%22>En k\u00f8bmandsg\u00e5rd fuld af historie<br \/><em><span style=%22font-size: 22px; font-family: proxima-nova-condensed, sans-serif; font-weight: 500;%22>Museum, g\u00e5rdhave, Kaffestue og udstillinger. <\/span><\/em><\/span><\/h2>\n<h2><span style=%22color: #ffffff;%22><em><span style=%22font-size: 22px; font-family: proxima-nova-condensed, sans-serif; font-weight: 500;%22>Gratis entr\u00e9.<\/span><\/em><\/span><span style=%22color: #ffffff;%22><em><span style=%22font-size: 22px; font-family: proxima-nova-condensed, sans-serif; font-weight: 500;%22><\/span><\/em><\/span><\/h2>\n<p><span style=%22color: #ffffff;%22><em><span style=%22font-size: 22px; font-family: proxima-nova-condensed, sans-serif; font-weight: 500;%22><\/span><\/em><\/span><\/p>\n<\/div>\n<\/div>\n<p>&#8221; content_last_edited=&#8221;on|desktop&#8221; _builder_version=&#8221;4.27.4&#8243; _module_preset=&#8221;default&#8221; custom_padding=&#8221;||0px|||&#8221; global_colors_info=&#8221;{}&#8221;]<\/p>\n<h3><span style=\"color: #ffffff;\"><u>B<\/u>orgmesterg\u00e5rden\u00a0in Nyborg<\/span><\/h3>\n<div class=\"et_pb_module et_pb_text et_pb_text_19  et_pb_text_align_left et_pb_bg_layout_light\">\n<div class=\"et_pb_text_inner\">\n<h2><span style=\"color: #ffffff;\">A merchant&#8217;s house full of history<br \/><em><span style=\"font-size: 22px; font-family: proxima-nova-condensed, sans-serif; font-weight: 500;\">Museum, courtyard, caf\u00e9 and exhibitions. <\/span><\/em><\/span><\/h2>\n<h2><span style=\"color: #ffffff;\"><em><span style=\"font-size: 22px; font-family: proxima-nova-condensed, sans-serif; font-weight: 500;\">Free admission.<\/span><\/em><\/span><\/h2>\n<\/div>\n<\/div>\n<p>[\/et_pb_text][et_pb_button button_url=&#8221;https:\/\/nyborgslot.dk\/en\/the-mayors-yard\/&#8221; button_text=&#8221;Read more&#8221; _builder_version=&#8221;4.27.4&#8243; _module_preset=&#8221;default&#8221; custom_button=&#8221;on&#8221; button_text_color=&#8221;#000000&#8243; button_bg_color=&#8221;#FFFFFF&#8221; global_colors_info=&#8221;{}&#8221;][\/et_pb_button][\/et_pb_column][\/et_pb_row][\/et_pb_section][et_pb_section fb_built=&#8221;1&#8243; _builder_version=&#8221;4.27.4&#8243; _module_preset=&#8221;default&#8221; background_color=&#8221;gcid-d8d259eb-1ad5-450b-acd4-5c0b42493e6d&#8221; global_colors_info=&#8221;{%22gcid-d8d259eb-1ad5-450b-acd4-5c0b42493e6d%22:%91%22background_color%22%93}&#8221;][et_pb_row column_structure=&#8221;3_5,2_5&#8243; make_equal=&#8221;on&#8221; _builder_version=&#8221;4.27.4&#8243; _module_preset=&#8221;default&#8221; width_tablet=&#8221;&#8221; width_phone=&#8221;&#8221; width_last_edited=&#8221;on|desktop&#8221; max_width=&#8221;1354px&#8221; max_width_tablet=&#8221;1354px&#8221; max_width_phone=&#8221;1354px&#8221; max_width_last_edited=&#8221;on|tablet&#8221; custom_margin=&#8221;|auto|6px|auto||&#8221; global_colors_info=&#8221;{}&#8221;][et_pb_column type=&#8221;3_5&#8243; _builder_version=&#8221;4.27.4&#8243; _module_preset=&#8221;default&#8221; global_colors_info=&#8221;{}&#8221;][et_pb_image src=&#8221;https:\/\/nyborgslot.dk\/wp-content\/uploads\/2025\/12\/DSC_4479-Kopi-scaled.jpg&#8221; alt=&#8221;Almas Hus, 2025. Foto: \u00d8stfyns Museer&#8221; title_text=&#8221;Almas Hus, 2025. Foto: \u00d8stfyns Museer&#8221; _builder_version=&#8221;4.27.4&#8243; _module_preset=&#8221;default&#8221; global_colors_info=&#8221;{}&#8221;][\/et_pb_image][\/et_pb_column][et_pb_column type=&#8221;2_5&#8243; _builder_version=&#8221;4.27.4&#8243; _module_preset=&#8221;default&#8221; global_colors_info=&#8221;{}&#8221;][et_pb_text _builder_version=&#8221;4.27.4&#8243; _module_preset=&#8221;default&#8221; custom_padding=&#8221;||0px|||&#8221; global_colors_info=&#8221;{}&#8221;]<\/p>\n<h3><u><br \/>A<\/u>lmas House and garden<\/h3>\n<p>&nbsp;<\/p>\n<div class=\"et_pb_module et_pb_text et_pb_text_19  et_pb_text_align_left et_pb_bg_layout_light\">\n<div class=\"et_pb_text_inner\">\n<h2><span>Cozy smallholding in \u00d8rb\u00e6k<br \/><\/span><span style=\"color: #000000;\"><span style=\"font-size: 22px; font-family: proxima-nova-condensed, sans-serif; font-weight: 500;\">Selected rooms are open to visitors all year round.<\/span><em><span style=\"font-size: 22px; font-family: proxima-nova-condensed, sans-serif; font-weight: 500;\"><br \/>Free admission.<\/span><\/em><\/span><\/h2>\n<\/div>\n<p>&nbsp;<\/p>\n<\/div>\n<p>[\/et_pb_text][et_pb_button button_url=&#8221;https:\/\/nyborgslot.dk\/almas-hus\/&#8221; button_text=&#8221;Read more&#8221; _builder_version=&#8221;4.27.4&#8243; _module_preset=&#8221;default&#8221; custom_button=&#8221;on&#8221; button_text_color=&#8221;#000000&#8243; button_bg_color=&#8221;#FFFFFF&#8221; global_colors_info=&#8221;{}&#8221;][\/et_pb_button][\/et_pb_column][\/et_pb_row][\/et_pb_section][et_pb_section fb_built=&#8221;1&#8243; _builder_version=&#8221;4.27.4&#8243; _module_preset=&#8221;default&#8221; background_color=&#8221;#e0af45&#8243; global_colors_info=&#8221;{}&#8221;][et_pb_row column_structure=&#8221;3_5,2_5&#8243; make_equal=&#8221;on&#8221; _builder_version=&#8221;4.27.4&#8243; _module_preset=&#8221;default&#8221; width_tablet=&#8221;&#8221; width_phone=&#8221;&#8221; width_last_edited=&#8221;on|desktop&#8221; max_width=&#8221;1354px&#8221; max_width_tablet=&#8221;1354px&#8221; max_width_phone=&#8221;1354px&#8221; max_width_last_edited=&#8221;on|tablet&#8221; custom_margin=&#8221;|auto|6px|auto||&#8221; global_colors_info=&#8221;{}&#8221;][et_pb_column type=&#8221;3_5&#8243; _builder_version=&#8221;4.27.4&#8243; _module_preset=&#8221;default&#8221; global_colors_info=&#8221;{}&#8221;][et_pb_image src=&#8221;https:\/\/nyborgslot.dk\/wp-content\/uploads\/2026\/01\/Plakat-med-sodavand-fra-Carlsminde.-beskaaret.jpg&#8221; alt=&#8221;Plakat med sodavand fra Carlsminde.&#8221; title_text=&#8221;Plakat med sodavand fra Carlsminde. besk\u00e5ret&#8221; _builder_version=&#8221;4.27.4&#8243; _module_preset=&#8221;default&#8221; global_colors_info=&#8221;{}&#8221;][\/et_pb_image][\/et_pb_column][et_pb_column type=&#8221;2_5&#8243; _builder_version=&#8221;4.27.4&#8243; _module_preset=&#8221;default&#8221; global_colors_info=&#8221;{}&#8221;][et_pb_text content_tablet=&#8221;<\/p>\n<h3><u><br \/>S<\/u>pecial Exhibition 2026<\/h3>\n<div class=%22et_pb_module et_pb_text et_pb_text_19  et_pb_text_align_left et_pb_bg_layout_light%22>\n<div class=%22et_pb_text_inner%22>\n<h2><span>Soft drinks and Sweets<br \/><\/span><span style=%22color: #000000;%22><span style=%22font-size: 22px; font-family: proxima-nova-condensed, sans-serif; font-weight: 500;%22>New special exhibition at Borgmesterg\u00e5rden. <\/span><\/span><\/h2>\n<h2><span style=%22color: #000000;%22><span style=%22font-size: 22px; font-family: proxima-nova-condensed, sans-serif; font-weight: 500;%22>Discover the surprising history of soft drinks and sweets.<\/span><em><span style=%22font-size: 22px; font-family: proxima-nova-condensed, sans-serif; font-weight: 500;%22><br \/>Free admission.<\/span><\/em><\/span><\/h2>\n<\/div>\n<\/div>\n<p>&#8221; content_phone=&#8221;<\/p>\n<h3><u><br \/>S<\/u>\u00e6rudstilling 2026<\/h3>\n<div class=%22et_pb_module et_pb_text et_pb_text_19  et_pb_text_align_left et_pb_bg_layout_light%22>\n<div class=%22et_pb_text_inner%22>\n<h2><span>Sodavand og Slik<br \/><\/span><span style=%22color: #000000;%22><span style=%22font-size: 22px; font-family: proxima-nova-condensed, sans-serif; font-weight: 500;%22>Ny s\u00e6rudstiling p\u00e5 Borgmesterg\u00e5rden. <\/span><\/span><\/h2>\n<h2><span style=%22color: #000000;%22><span style=%22font-size: 22px; font-family: proxima-nova-condensed, sans-serif; font-weight: 500;%22>F\u00e5 den overraksende historie om sodavand og slik.<\/span><em><span style=%22font-size: 22px; font-family: proxima-nova-condensed, sans-serif; font-weight: 500;%22><br \/>Gratis entr\u00e9.<\/span><\/em><\/span><\/h2>\n<\/div>\n<\/div>\n<p>&#8221; content_last_edited=&#8221;on|phone&#8221; _builder_version=&#8221;4.27.4&#8243; _module_preset=&#8221;default&#8221; custom_padding=&#8221;||0px|||&#8221; link_option_url=&#8221;https:\/\/nyborgslot.dk\/sodavand-og-slik\/&#8221; global_colors_info=&#8221;{}&#8221;]<\/p>\n<h3><\/h3>\n<h3><u>S<\/u>pecial Exhibition\u00a02026<\/h3>\n<div class=\"et_pb_module et_pb_text et_pb_text_19  et_pb_text_align_left et_pb_bg_layout_light\">\n<div class=\"et_pb_text_inner\">\n<h2><span>Soft drinks and Sweets<br \/><\/span><span style=\"color: #000000;\"><span style=\"font-size: 22px; font-family: proxima-nova-condensed, sans-serif; font-weight: 500;\">New special exhibition at Borgmesterg\u00e5rden. <\/span><\/span><\/h2>\n<h2><span style=\"color: #000000;\"><span style=\"font-size: 22px; font-family: proxima-nova-condensed, sans-serif; font-weight: 500;\">Discover the surprising history of soft drinks and sweets.<\/span><em><span style=\"font-size: 22px; font-family: proxima-nova-condensed, sans-serif; font-weight: 500;\"><br \/>Free admission.<\/span><\/em><\/span><\/h2>\n<\/div>\n<\/div>\n<p>[\/et_pb_text][et_pb_button button_url=&#8221;https:\/\/nyborgslot.dk\/sodavand-og-slik\/&#8221; button_text=&#8221;Read more&#8221; _builder_version=&#8221;4.27.4&#8243; _module_preset=&#8221;default&#8221; custom_button=&#8221;on&#8221; button_text_color=&#8221;#000000&#8243; button_bg_color=&#8221;#FFFFFF&#8221; global_colors_info=&#8221;{}&#8221;][\/et_pb_button][\/et_pb_column][\/et_pb_row][\/et_pb_section][et_pb_section fb_built=&#8221;1&#8243; _builder_version=&#8221;4.27.4&#8243; _module_preset=&#8221;default&#8221; background_color=&#8221;gcid-b925f151-6955-48da-b99d-142450afd0aa&#8221; global_colors_info=&#8221;{%22gcid-b925f151-6955-48da-b99d-142450afd0aa%22:%91%22background_color%22%93}&#8221;][et_pb_row column_structure=&#8221;3_5,2_5&#8243; make_equal=&#8221;on&#8221; _builder_version=&#8221;4.27.4&#8243; _module_preset=&#8221;default&#8221; width_tablet=&#8221;&#8221; width_phone=&#8221;&#8221; width_last_edited=&#8221;on|desktop&#8221; max_width=&#8221;1354px&#8221; max_width_tablet=&#8221;1354px&#8221; max_width_phone=&#8221;1354px&#8221; max_width_last_edited=&#8221;on|tablet&#8221; custom_margin=&#8221;|auto|6px|auto||&#8221; global_colors_info=&#8221;{}&#8221;][et_pb_column type=&#8221;3_5&#8243; _builder_version=&#8221;4.27.4&#8243; _module_preset=&#8221;default&#8221; global_colors_info=&#8221;{}&#8221;][et_pb_image src=&#8221;https:\/\/nyborgslot.dk\/wp-content\/uploads\/2025\/12\/Dyrehave-Moelle.-Foto-Oestfyns-Museer-scaled.jpg&#8221; alt=&#8221;Dyrehave M\u00f8lle. Foto \u00d8stfyns Museer&#8221; title_text=&#8221;Dyrehave M\u00f8lle. Foto \u00d8stfyns Museer&#8221; _builder_version=&#8221;4.27.4&#8243; _module_preset=&#8221;default&#8221; global_colors_info=&#8221;{}&#8221;][\/et_pb_image][\/et_pb_column][et_pb_column type=&#8221;2_5&#8243; _builder_version=&#8221;4.27.4&#8243; _module_preset=&#8221;default&#8221; global_colors_info=&#8221;{}&#8221;][et_pb_text _builder_version=&#8221;4.27.4&#8243; _module_preset=&#8221;default&#8221; custom_padding=&#8221;||0px|||&#8221; global_colors_info=&#8221;{}&#8221;]<\/p>\n<h3><span style=\"color: #ffffff;\"><span style=\"text-decoration: underline;\"><span>D<\/span><\/span>yrehave Mill in Nyborg<\/span><\/h3>\n<p>&nbsp;<\/p>\n<div class=\"et_pb_module et_pb_text et_pb_text_19 et_pb_text_align_left et_pb_bg_layout_light\">\n<div class=\"et_pb_text_inner\">\n<h2><span style=\"color: #ffffff;\">One of the tallest windmills in Denmark<\/span><\/h2>\n<p><span style=\"color: #ffffff;\">Experience Danish cultural and industrial history and gain insight into life at a windmill. Open on selected days.<\/span><\/p>\n<p><em><span style=\"color: #ffffff;\">Free admission.<\/span><\/em><\/p>\n<\/div>\n<p>&nbsp;<\/p>\n<\/div>\n<p>[\/et_pb_text][et_pb_button button_url=&#8221;https:\/\/nyborgslot.dk\/dyrehave-moelle\/&#8221; button_text=&#8221;Read more&#8221; _builder_version=&#8221;4.27.4&#8243; _module_preset=&#8221;default&#8221; custom_button=&#8221;on&#8221; button_text_color=&#8221;#000000&#8243; button_bg_color=&#8221;#FFFFFF&#8221; global_colors_info=&#8221;{}&#8221;][\/et_pb_button][et_pb_button button_url=&#8221;https:\/\/nyborgslot.dk\/kunst-paa-moellen\/&#8221; button_text=&#8221;Art at the Mill&#8221; _builder_version=&#8221;4.27.4&#8243; _module_preset=&#8221;default&#8221; custom_button=&#8221;on&#8221; button_text_color=&#8221;#000000&#8243; button_bg_color=&#8221;#FFFFFF&#8221; global_colors_info=&#8221;{}&#8221;][\/et_pb_button][\/et_pb_column][\/et_pb_row][\/et_pb_section]<\/p>\n<span class=\"et_bloom_bottom_trigger\"><\/span>","protected":false},"excerpt":{"rendered":"<p>DENMARKS OLDEST PRESERVED ROYAL CASTLEUNDER RESTORATION &#8211; CLOSED TO THE PUBLICNyborg Castle&#8217;s significance in Danish history is impossible to overlook. It is within these historic rooms &#8211; where kings and queens made pivotal decisions &#8211; that Denmark took shape into the country we know today.\u00a0Borgmesterg\u00e5rden\u00a0in Nyborg A merchant&#8217;s house full of historyMuseum, courtyard, caf\u00e9 and [&hellip;]<\/p>\n","protected":false},"author":1,"featured_media":0,"parent":0,"menu_order":0,"comment_status":"closed","ping_status":"closed","template":"","meta":{"_acf_changed":false,"_et_pb_use_builder":"on","_et_pb_old_content":"","_et_gb_content_width":"","footnotes":""},"class_list":["post-11073","page","type-page","status-publish","hentry"],"acf":[],"yoast_head":"<!-- This site is optimized with the Yoast SEO plugin v27.5 - https:\/\/yoast.com\/product\/yoast-seo-wordpress\/ -->\n<title>Nyborg Slot - Nyborg Slot<\/title>\n<meta name=\"description\" content=\"Nyborg Slot (under restaurering) | Borgmesterg\u00e5rden | Dyrehave M\u00f8lle | \u00d8stfyn Museers kulturhistoriske afdeling i Nyborg\" \/>\n<meta name=\"robots\" content=\"index, follow, max-snippet:-1, max-image-preview:large, max-video-preview:-1\" \/>\n<link rel=\"canonical\" href=\"https:\/\/nyborgslot.dk\/en\/\" \/>\n<meta property=\"og:locale\" content=\"en_US\" \/>\n<meta property=\"og:type\" content=\"article\" \/>\n<meta property=\"og:title\" content=\"Nyborg Slot - Nyborg Slot\" \/>\n<meta property=\"og:description\" content=\"Nyborg Slot (under restaurering) | Borgmesterg\u00e5rden | Dyrehave M\u00f8lle | \u00d8stfyn Museers kulturhistoriske afdeling i Nyborg\" \/>\n<meta property=\"og:site_name\" content=\"Nyborg Slot\" \/>\n<meta property=\"article:modified_time\" content=\"2026-04-10T08:41:59+00:00\" \/>\n<meta name=\"twitter:card\" content=\"summary_large_image\" \/>\n<meta name=\"twitter:label1\" content=\"Est. reading time\" \/>\n\t<meta name=\"twitter:data1\" content=\"7 minutes\" \/>\n<script type=\"application\/ld+json\" class=\"yoast-schema-graph\">{\"@context\":\"https:\\\/\\\/schema.org\",\"@graph\":[{\"@type\":\"WebPage\",\"@id\":\"https:\\\/\\\/nyborgslot.dk\\\/en\\\/\",\"url\":\"https:\\\/\\\/nyborgslot.dk\\\/en\\\/\",\"name\":\"Nyborg Slot - Nyborg Slot\",\"isPartOf\":{\"@id\":\"https:\\\/\\\/nyborgslot.dk\\\/en\\\/#website\"},\"datePublished\":\"2021-11-28T16:24:02+00:00\",\"dateModified\":\"2026-04-10T08:41:59+00:00\",\"description\":\"Nyborg Slot (under restaurering) | Borgmesterg\u00e5rden | Dyrehave M\u00f8lle | \u00d8stfyn Museers kulturhistoriske afdeling i Nyborg\",\"breadcrumb\":{\"@id\":\"https:\\\/\\\/nyborgslot.dk\\\/en\\\/#breadcrumb\"},\"inLanguage\":\"en-US\",\"potentialAction\":[{\"@type\":\"ReadAction\",\"target\":[\"https:\\\/\\\/nyborgslot.dk\\\/en\\\/\"]}]},{\"@type\":\"BreadcrumbList\",\"@id\":\"https:\\\/\\\/nyborgslot.dk\\\/en\\\/#breadcrumb\",\"itemListElement\":[{\"@type\":\"ListItem\",\"position\":1,\"name\":\"Home\",\"item\":\"https:\\\/\\\/nyborgslot.dk\\\/en\\\/\"},{\"@type\":\"ListItem\",\"position\":2,\"name\":\"Nyborg Slot\"}]},{\"@type\":\"WebSite\",\"@id\":\"https:\\\/\\\/nyborgslot.dk\\\/en\\\/#website\",\"url\":\"https:\\\/\\\/nyborgslot.dk\\\/en\\\/\",\"name\":\"Nyborg Slot\",\"description\":\"under restaurering\",\"potentialAction\":[{\"@type\":\"SearchAction\",\"target\":{\"@type\":\"EntryPoint\",\"urlTemplate\":\"https:\\\/\\\/nyborgslot.dk\\\/en\\\/?s={search_term_string}\"},\"query-input\":{\"@type\":\"PropertyValueSpecification\",\"valueRequired\":true,\"valueName\":\"search_term_string\"}}],\"inLanguage\":\"en-US\"}]}<\/script>\n<!-- \/ Yoast SEO plugin. -->","yoast_head_json":{"title":"Nyborg Slot - Nyborg Slot","description":"Nyborg Slot (under restaurering) | Borgmesterg\u00e5rden | Dyrehave M\u00f8lle | \u00d8stfyn Museers kulturhistoriske afdeling i Nyborg","robots":{"index":"index","follow":"follow","max-snippet":"max-snippet:-1","max-image-preview":"max-image-preview:large","max-video-preview":"max-video-preview:-1"},"canonical":"https:\/\/nyborgslot.dk\/en\/","og_locale":"en_US","og_type":"article","og_title":"Nyborg Slot - Nyborg Slot","og_description":"Nyborg Slot (under restaurering) | Borgmesterg\u00e5rden | Dyrehave M\u00f8lle | \u00d8stfyn Museers kulturhistoriske afdeling i Nyborg","og_site_name":"Nyborg Slot","article_modified_time":"2026-04-10T08:41:59+00:00","twitter_card":"summary_large_image","twitter_misc":{"Est. reading time":"7 minutes"},"schema":{"@context":"https:\/\/schema.org","@graph":[{"@type":"WebPage","@id":"https:\/\/nyborgslot.dk\/en\/","url":"https:\/\/nyborgslot.dk\/en\/","name":"Nyborg Slot - Nyborg Slot","isPartOf":{"@id":"https:\/\/nyborgslot.dk\/en\/#website"},"datePublished":"2021-11-28T16:24:02+00:00","dateModified":"2026-04-10T08:41:59+00:00","description":"Nyborg Slot (under restaurering) | Borgmesterg\u00e5rden | Dyrehave M\u00f8lle | \u00d8stfyn Museers kulturhistoriske afdeling i Nyborg","breadcrumb":{"@id":"https:\/\/nyborgslot.dk\/en\/#breadcrumb"},"inLanguage":"en-US","potentialAction":[{"@type":"ReadAction","target":["https:\/\/nyborgslot.dk\/en\/"]}]},{"@type":"BreadcrumbList","@id":"https:\/\/nyborgslot.dk\/en\/#breadcrumb","itemListElement":[{"@type":"ListItem","position":1,"name":"Home","item":"https:\/\/nyborgslot.dk\/en\/"},{"@type":"ListItem","position":2,"name":"Nyborg Slot"}]},{"@type":"WebSite","@id":"https:\/\/nyborgslot.dk\/en\/#website","url":"https:\/\/nyborgslot.dk\/en\/","name":"Nyborg Slot","description":"under restaurering","potentialAction":[{"@type":"SearchAction","target":{"@type":"EntryPoint","urlTemplate":"https:\/\/nyborgslot.dk\/en\/?s={search_term_string}"},"query-input":{"@type":"PropertyValueSpecification","valueRequired":true,"valueName":"search_term_string"}}],"inLanguage":"en-US"}]}},"_links":{"self":[{"href":"https:\/\/nyborgslot.dk\/en\/wp-json\/wp\/v2\/pages\/11073","targetHints":{"allow":["GET"]}}],"collection":[{"href":"https:\/\/nyborgslot.dk\/en\/wp-json\/wp\/v2\/pages"}],"about":[{"href":"https:\/\/nyborgslot.dk\/en\/wp-json\/wp\/v2\/types\/page"}],"author":[{"embeddable":true,"href":"https:\/\/nyborgslot.dk\/en\/wp-json\/wp\/v2\/users\/1"}],"replies":[{"embeddable":true,"href":"https:\/\/nyborgslot.dk\/en\/wp-json\/wp\/v2\/comments?post=11073"}],"version-history":[{"count":0,"href":"https:\/\/nyborgslot.dk\/en\/wp-json\/wp\/v2\/pages\/11073\/revisions"}],"wp:attachment":[{"href":"https:\/\/nyborgslot.dk\/en\/wp-json\/wp\/v2\/media?parent=11073"}],"curies":[{"name":"wp","href":"https:\/\/api.w.org\/{rel}","templated":true}]}}